{"id":1625,"date":"2025-07-20T15:15:48","date_gmt":"2025-07-20T13:15:48","guid":{"rendered":"https:\/\/www.arthurbougouin.com\/?page_id=1625"},"modified":"2025-09-22T17:28:45","modified_gmt":"2025-09-22T15:28:45","slug":"shop","status":"publish","type":"page","link":"https:\/\/www.arthurbougouin.com\/?page_id=1625","title":{"rendered":"SHOP"},"content":{"rendered":"<div data-block-name=\"woocommerce\/mini-cart\" class=\"wc-block-mini-cart wp-block-woocommerce-mini-cart \" style=\"\">\n\t\t\t<button class=\"wc-block-mini-cart__button\" aria-label=\"Panier\"><span class=\"wc-block-mini-cart__quantity-badge\">\n\t\t\t<svg xmlns=\"http:\/\/www.w3.org\/2000\/svg\" fill=\"currentColor\" class=\"wc-block-mini-cart__icon\" viewBox=\"0 0 32 32\"><circle cx=\"12.667\" cy=\"24.667\" r=\"2\"\/><circle cx=\"23.333\" cy=\"24.667\" r=\"2\"\/><path fill-rule=\"evenodd\" d=\"M9.285 10.036a1 1 0 0 1 .776-.37h15.272a1 1 0 0 1 .99 1.142l-1.333 9.333A1 1 0 0 1 24 21H12a1 1 0 0 1-.98-.797L9.083 10.87a1 1 0 0 1 .203-.834m2.005 1.63L12.814 19h10.319l1.047-7.333z\" clip-rule=\"evenodd\"\/><path fill-rule=\"evenodd\" d=\"M5.667 6.667a1 1 0 0 1 1-1h2.666a1 1 0 0 1 .984.82l.727 4a1 1 0 1 1-1.967.359l-.578-3.18H6.667a1 1 0 0 1-1-1\" clip-rule=\"evenodd\"\/><\/svg>\n\t\t\t<span class=\"wc-block-mini-cart__badge\" style=\"\"><\/span>\n\t\t<\/span>\n\t\t<\/button>\n\t\t\t<div class=\"is-loading wc-block-components-drawer__screen-overlay wc-block-components-drawer__screen-overlay--is-hidden\" aria-hidden=\"true\">\n\t\t\t\t<div class=\"wc-block-mini-cart__drawer wc-block-components-drawer\">\n\t\t\t\t\t<div class=\"wc-block-components-drawer__content\">\n\t\t\t\t\t\t<div class=\"wc-block-mini-cart__template-part\">\n<div data-block-name=\"woocommerce\/mini-cart-contents\" class=\"wp-block-woocommerce-mini-cart-contents\">\n\t\n\t<div data-block-name=\"woocommerce\/filled-mini-cart-contents-block\" class=\"wp-block-woocommerce-filled-mini-cart-contents-block\">\n\t\t\n\t\t<div data-block-name=\"woocommerce\/mini-cart-title-block\" class=\"wp-block-woocommerce-mini-cart-title-block\">\n\t\t\t\n\t\t\t<div data-block-name=\"woocommerce\/mini-cart-title-label-block\" class=\"wp-block-woocommerce-mini-cart-title-label-block\">\n\t\t\t<\/div>\n\t\t\t\n\n\t\t\t\n\t\t\t<div data-block-name=\"woocommerce\/mini-cart-title-items-counter-block\" class=\"wp-block-woocommerce-mini-cart-title-items-counter-block\">\n\t\t\t<\/div>\n\t\t\t\n\t\t<\/div>\n\t\t\n\t\t\n\t\t<div data-block-name=\"woocommerce\/mini-cart-items-block\" class=\"wp-block-woocommerce-mini-cart-items-block\">\n\t\t\t\n\t\t\t<div data-block-name=\"woocommerce\/mini-cart-products-table-block\" class=\"wp-block-woocommerce-mini-cart-products-table-block\">\n\t\t\t<\/div>\n\t\t\t\n\t\t<\/div>\n\t\t\n\t\t\n\t\t<div data-block-name=\"woocommerce\/mini-cart-footer-block\" class=\"wp-block-woocommerce-mini-cart-footer-block\">\n\t\t\t\n\t\t\t<div data-block-name=\"woocommerce\/mini-cart-cart-button-block\" class=\"wp-block-woocommerce-mini-cart-cart-button-block\"><\/div>\n\t\t\t\n\t\t\t\n\t\t\t<div data-block-name=\"woocommerce\/mini-cart-checkout-button-block\" class=\"wp-block-woocommerce-mini-cart-checkout-button-block\"><\/div>\n\t\t\t\n\t\t<\/div>\n\t\t\n\t<\/div>\n\t\n\n\t\n\t<div data-block-name=\"woocommerce\/empty-mini-cart-contents-block\" class=\"wp-block-woocommerce-empty-mini-cart-contents-block\">\n\t\t<p class=\"has-text-align-center\"><strong>Votre panier est actuellement vide\u00a0!<\/strong><\/p>\n\n\t\t\n\t\t<div data-block-name=\"woocommerce\/mini-cart-shopping-button-block\" class=\"wp-block-woocommerce-mini-cart-shopping-button-block\"><\/div>\n\t\t\n\t<\/div>\n\t\n<\/div>\n\n<\/div>\n\t\t\t\t\t<\/div>\n\t\t\t\t<\/div>\n\t\t\t<\/div>\n\t\t<\/div>\n\n\n<div data-block-name=\"woocommerce\/single-product\" data-product-id=\"1701\" class=\"wp-block-woocommerce-single-product woocommerce\">\n<div class=\"wp-block-columns is-layout-flex wp-container-core-columns-is-layout-9d6595d7 wp-block-columns-is-layout-flex\">\n<div class=\"wp-block-column is-layout-flow wp-block-column-is-layout-flow\"><div data-block-name=\"woocommerce\/product-image\" data-is-descendent-of-single-product-block=\"true\" data-show-sale-badge=\"false\" class=\"wc-block-components-product-image wc-block-grid__product-image wp-block-woocommerce-product-image\"><a href=\"https:\/\/www.arthurbougouin.com\/?product=la-valse-de-paris\" style=\"\" data-wp-on--click=\"woocommerce\/product-collection::actions.viewProduct\"><img fetchpriority=\"high\" decoding=\"async\" width=\"600\" height=\"800\" src=\"https:\/\/www.arthurbougouin.com\/wp-content\/uploads\/2025\/07\/01_parapluie-1-scaled-600x800.jpg\" class=\"attachment-woocommerce_single size-woocommerce_single\" alt=\"La valse de Paris\" data-testid=\"product-image\" data-image-id=\"1690\" style=\"max-width:none;object-fit:cover;\" title=\"01_parapluie\" srcset=\"https:\/\/www.arthurbougouin.com\/wp-content\/uploads\/2025\/07\/01_parapluie-1-scaled-600x800.jpg 600w, https:\/\/www.arthurbougouin.com\/wp-content\/uploads\/2025\/07\/01_parapluie-1-225x300.jpg 225w, https:\/\/www.arthurbougouin.com\/wp-content\/uploads\/2025\/07\/01_parapluie-1-768x1024.jpg 768w, https:\/\/www.arthurbougouin.com\/wp-content\/uploads\/2025\/07\/01_parapluie-1-1152x1536.jpg 1152w, https:\/\/www.arthurbougouin.com\/wp-content\/uploads\/2025\/07\/01_parapluie-1-1536x2048.jpg 1536w, https:\/\/www.arthurbougouin.com\/wp-content\/uploads\/2025\/07\/01_parapluie-1-855x1140.jpg 855w, https:\/\/www.arthurbougouin.com\/wp-content\/uploads\/2025\/07\/01_parapluie-1-280x373.jpg 280w, https:\/\/www.arthurbougouin.com\/wp-content\/uploads\/2025\/07\/01_parapluie-1-450x600.jpg 450w, https:\/\/www.arthurbougouin.com\/wp-content\/uploads\/2025\/07\/01_parapluie-1-1050x1400.jpg 1050w, https:\/\/www.arthurbougouin.com\/wp-content\/uploads\/2025\/07\/01_parapluie-1-630x840.jpg 630w, https:\/\/www.arthurbougouin.com\/wp-content\/uploads\/2025\/07\/01_parapluie-1-scaled.jpg 1920w\" sizes=\"(max-width: 600px) 100vw, 600px\" \/><div class=\"wc-block-components-product-image__inner-container\">\n\n<\/div><\/a><\/div><\/div>\n\n\n\n<div class=\"wp-block-column is-layout-flow wp-block-column-is-layout-flow\"><h2 class=\"wp-block-post-title\"><a href=\"https:\/\/www.arthurbougouin.com\/?product=la-valse-de-paris\" target=\"_self\" >La valse de Paris<\/a><\/h2>\n\n<div data-block-name=\"woocommerce\/product-price\" data-is-descendent-of-single-product-block=\"true\" class=\"wp-block-woocommerce-product-price\"><div class=\"wc-block-components-product-price wc-block-grid__product-price  \" style=\"\" >\n\t\t\t\t\t<span class=\"woocommerce-Price-amount amount\"><bdi>250,00&nbsp;<span class=\"woocommerce-Price-currencySymbol\">&euro;<\/span><\/bdi><\/span>\n\t\t\t\t<\/div><\/div>\n\n<div data-block-name=\"woocommerce\/add-to-cart-form\" class=\"wp-block-add-to-cart-form wc-block-add-to-cart-form wc-block-add-to-cart-form--input wp-block-woocommerce-add-to-cart-form\" ><p class=\"stock in-stock\">9 en stock<\/p>\n\n\t\n\t<form class=\"cart\" action=\"https:\/\/www.arthurbougouin.com\/?product=la-valse-de-paris\" method=\"post\" enctype='multipart\/form-data'>\n\t\t\n\t\t<div class=\"quantity\">\n\t\t<label class=\"screen-reader-text\" for=\"quantity_69e15f9901427\">quantit\u00e9 de La valse de Paris<\/label>\n\t<input\n\t\ttype=\"number\"\n\t\t\t\tid=\"quantity_69e15f9901427\"\n\t\tclass=\"input-text qty text\"\n\t\tname=\"quantity\"\n\t\tvalue=\"1\"\n\t\taria-label=\"Quantit\u00e9 de produits\"\n\t\t\t\tmin=\"1\"\n\t\tmax=\"9\"\n\t\t\t\t\tstep=\"1\"\n\t\t\tplaceholder=\"\"\n\t\t\tinputmode=\"numeric\"\n\t\t\tautocomplete=\"off\"\n\t\t\t\/>\n\t<\/div>\n\n\t\t<button type=\"submit\" name=\"add-to-cart\" value=\"1701\" class=\"single_add_to_cart_button button alt\">Ajouter au panier<\/button>\n\n\t\t\t<\/form>\n\n\t\n<\/div><\/div>\n<\/div>\n<\/div>\n\n\n\n<div style=\"height:100px\" aria-hidden=\"true\" class=\"wp-block-spacer\"><\/div>\n\n\n\n<div data-block-name=\"woocommerce\/single-product\" data-product-id=\"1930\" class=\"wp-block-woocommerce-single-product woocommerce\">\n<div class=\"wp-block-columns is-layout-flex wp-container-core-columns-is-layout-9d6595d7 wp-block-columns-is-layout-flex\">\n<div class=\"wp-block-column is-layout-flow wp-block-column-is-layout-flow\"><div data-block-name=\"woocommerce\/product-image\" data-is-descendent-of-single-product-block=\"true\" data-show-sale-badge=\"false\" class=\"wc-block-components-product-image wc-block-grid__product-image wp-block-woocommerce-product-image\"><a href=\"https:\/\/www.arthurbougouin.com\/?product=premice-dune-delicatesse\" style=\"\" data-wp-on--click=\"woocommerce\/product-collection::actions.viewProduct\"><img decoding=\"async\" width=\"600\" height=\"600\" src=\"https:\/\/www.arthurbougouin.com\/wp-content\/uploads\/2025\/07\/galets-3-600x600.jpg\" class=\"attachment-woocommerce_single size-woocommerce_single\" alt=\"Pr\u00e9misse d&#039;une d\u00e9licatesse\" data-testid=\"product-image\" data-image-id=\"1855\" style=\"max-width:none;object-fit:cover;\" title=\"galets-3\" srcset=\"https:\/\/www.arthurbougouin.com\/wp-content\/uploads\/2025\/07\/galets-3-600x600.jpg 600w, https:\/\/www.arthurbougouin.com\/wp-content\/uploads\/2025\/07\/galets-3-300x300.jpg 300w, https:\/\/www.arthurbougouin.com\/wp-content\/uploads\/2025\/07\/galets-3-1024x1024.jpg 1024w, https:\/\/www.arthurbougouin.com\/wp-content\/uploads\/2025\/07\/galets-3-150x150.jpg 150w, https:\/\/www.arthurbougouin.com\/wp-content\/uploads\/2025\/07\/galets-3-768x768.jpg 768w, https:\/\/www.arthurbougouin.com\/wp-content\/uploads\/2025\/07\/galets-3-1536x1536.jpg 1536w, https:\/\/www.arthurbougouin.com\/wp-content\/uploads\/2025\/07\/galets-3-2048x2048.jpg 2048w, https:\/\/www.arthurbougouin.com\/wp-content\/uploads\/2025\/07\/galets-3-100x100.jpg 100w, https:\/\/www.arthurbougouin.com\/wp-content\/uploads\/2025\/07\/galets-3-855x855.jpg 855w, https:\/\/www.arthurbougouin.com\/wp-content\/uploads\/2025\/07\/galets-3-280x280.jpg 280w, https:\/\/www.arthurbougouin.com\/wp-content\/uploads\/2025\/07\/galets-3-450x450.jpg 450w\" sizes=\"(max-width: 600px) 100vw, 600px\" \/><div class=\"wc-block-components-product-image__inner-container\">\n\n<\/div><\/a><\/div><\/div>\n\n\n\n<div class=\"wp-block-column is-layout-flow wp-block-column-is-layout-flow\"><h2 class=\"wp-block-post-title\"><a href=\"https:\/\/www.arthurbougouin.com\/?product=premice-dune-delicatesse\" target=\"_self\" >Pr\u00e9misse d&rsquo;une d\u00e9licatesse<\/a><\/h2>\n\n<div data-block-name=\"woocommerce\/product-price\" data-is-descendent-of-single-product-block=\"true\" class=\"wp-block-woocommerce-product-price\"><div class=\"wc-block-components-product-price wc-block-grid__product-price  \" style=\"\" >\n\t\t\t\t\t<span class=\"woocommerce-Price-amount amount\"><bdi>200,00&nbsp;<span class=\"woocommerce-Price-currencySymbol\">&euro;<\/span><\/bdi><\/span>\n\t\t\t\t<\/div><\/div>\n\n<div data-block-name=\"woocommerce\/add-to-cart-form\" class=\"wp-block-add-to-cart-form wc-block-add-to-cart-form wc-block-add-to-cart-form--input wp-block-woocommerce-add-to-cart-form\" >\n\t\n\t<form class=\"cart\" action=\"https:\/\/www.arthurbougouin.com\/?product=premice-dune-delicatesse\" method=\"post\" enctype='multipart\/form-data'>\n\t\t\n\t\t<div class=\"quantity\">\n\t\t<label class=\"screen-reader-text\" for=\"quantity_69e15f990455c\">quantit\u00e9 de Pr\u00e9misse d&#039;une d\u00e9licatesse<\/label>\n\t<input\n\t\ttype=\"number\"\n\t\t\t\tid=\"quantity_69e15f990455c\"\n\t\tclass=\"input-text qty text\"\n\t\tname=\"quantity\"\n\t\tvalue=\"1\"\n\t\taria-label=\"Quantit\u00e9 de produits\"\n\t\t\t\tmin=\"1\"\n\t\tmax=\"\"\n\t\t\t\t\tstep=\"1\"\n\t\t\tplaceholder=\"\"\n\t\t\tinputmode=\"numeric\"\n\t\t\tautocomplete=\"off\"\n\t\t\t\/>\n\t<\/div>\n\n\t\t<button type=\"submit\" name=\"add-to-cart\" value=\"1930\" class=\"single_add_to_cart_button button alt\">Ajouter au panier<\/button>\n\n\t\t\t<\/form>\n\n\t\n<\/div><\/div>\n<\/div>\n<\/div>\n\n\n\n<div style=\"height:100px\" aria-hidden=\"true\" class=\"wp-block-spacer\"><\/div>\n\n\n\n<div data-block-name=\"woocommerce\/single-product\" data-product-id=\"2139\" class=\"wp-block-woocommerce-single-product woocommerce\">\n<div class=\"wp-block-columns is-layout-flex wp-container-core-columns-is-layout-9d6595d7 wp-block-columns-is-layout-flex\">\n<div class=\"wp-block-column is-layout-flow wp-block-column-is-layout-flow\"><div data-block-name=\"woocommerce\/product-image\" data-is-descendent-of-single-product-block=\"true\" data-show-sale-badge=\"false\" class=\"wc-block-components-product-image wc-block-grid__product-image wp-block-woocommerce-product-image\"><a href=\"https:\/\/www.arthurbougouin.com\/?product=the-crying-tree\" style=\"\" data-wp-on--click=\"woocommerce\/product-collection::actions.viewProduct\"><img decoding=\"async\" width=\"600\" height=\"600\" src=\"https:\/\/www.arthurbougouin.com\/wp-content\/uploads\/2025\/09\/photoprofil-600x600.jpg\" class=\"attachment-woocommerce_single size-woocommerce_single\" alt=\"The crying tree\" data-testid=\"product-image\" data-image-id=\"2140\" style=\"max-width:none;object-fit:cover;\" title=\"photoprofil\" srcset=\"https:\/\/www.arthurbougouin.com\/wp-content\/uploads\/2025\/09\/photoprofil-600x600.jpg 600w, https:\/\/www.arthurbougouin.com\/wp-content\/uploads\/2025\/09\/photoprofil-300x300.jpg 300w, https:\/\/www.arthurbougouin.com\/wp-content\/uploads\/2025\/09\/photoprofil-1024x1024.jpg 1024w, https:\/\/www.arthurbougouin.com\/wp-content\/uploads\/2025\/09\/photoprofil-150x150.jpg 150w, https:\/\/www.arthurbougouin.com\/wp-content\/uploads\/2025\/09\/photoprofil-768x768.jpg 768w, https:\/\/www.arthurbougouin.com\/wp-content\/uploads\/2025\/09\/photoprofil-1536x1536.jpg 1536w, https:\/\/www.arthurbougouin.com\/wp-content\/uploads\/2025\/09\/photoprofil-2048x2048.jpg 2048w, https:\/\/www.arthurbougouin.com\/wp-content\/uploads\/2025\/09\/photoprofil-100x100.jpg 100w, https:\/\/www.arthurbougouin.com\/wp-content\/uploads\/2025\/09\/photoprofil-855x855.jpg 855w, https:\/\/www.arthurbougouin.com\/wp-content\/uploads\/2025\/09\/photoprofil-280x280.jpg 280w, https:\/\/www.arthurbougouin.com\/wp-content\/uploads\/2025\/09\/photoprofil-450x450.jpg 450w, https:\/\/www.arthurbougouin.com\/wp-content\/uploads\/2025\/09\/photoprofil-1050x1050.jpg 1050w, https:\/\/www.arthurbougouin.com\/wp-content\/uploads\/2025\/09\/photoprofil-630x630.jpg 630w\" sizes=\"(max-width: 600px) 100vw, 600px\" \/><div class=\"wc-block-components-product-image__inner-container\">\n\n<\/div><\/a><\/div><\/div>\n\n\n\n<div class=\"wp-block-column is-layout-flow wp-block-column-is-layout-flow\"><h2 class=\"wp-block-post-title\"><a href=\"https:\/\/www.arthurbougouin.com\/?product=the-crying-tree\" target=\"_self\" >The crying tree<\/a><\/h2>\n\n<div data-block-name=\"woocommerce\/product-price\" data-is-descendent-of-single-product-block=\"true\" class=\"wp-block-woocommerce-product-price\"><div class=\"wc-block-components-product-price wc-block-grid__product-price  \" style=\"\" >\n\t\t\t\t\t<span class=\"woocommerce-Price-amount amount\"><bdi>200,00&nbsp;<span class=\"woocommerce-Price-currencySymbol\">&euro;<\/span><\/bdi><\/span>\n\t\t\t\t<\/div><\/div>\n\n<div data-block-name=\"woocommerce\/add-to-cart-form\" class=\"wp-block-add-to-cart-form wc-block-add-to-cart-form wc-block-add-to-cart-form--input wp-block-woocommerce-add-to-cart-form\" >\n\t\n\t<form class=\"cart\" action=\"https:\/\/www.arthurbougouin.com\/?product=the-crying-tree\" method=\"post\" enctype='multipart\/form-data'>\n\t\t\n\t\t<div class=\"quantity\">\n\t\t<label class=\"screen-reader-text\" for=\"quantity_69e15f9906c83\">quantit\u00e9 de The crying tree<\/label>\n\t<input\n\t\ttype=\"number\"\n\t\t\t\tid=\"quantity_69e15f9906c83\"\n\t\tclass=\"input-text qty text\"\n\t\tname=\"quantity\"\n\t\tvalue=\"1\"\n\t\taria-label=\"Quantit\u00e9 de produits\"\n\t\t\t\tmin=\"1\"\n\t\tmax=\"\"\n\t\t\t\t\tstep=\"1\"\n\t\t\tplaceholder=\"\"\n\t\t\tinputmode=\"numeric\"\n\t\t\tautocomplete=\"off\"\n\t\t\t\/>\n\t<\/div>\n\n\t\t<button type=\"submit\" name=\"add-to-cart\" value=\"2139\" class=\"single_add_to_cart_button button alt\">Ajouter au panier<\/button>\n\n\t\t\t<\/form>\n\n\t\n<\/div><\/div>\n<\/div>\n<\/div>\n\n\n\n<div style=\"height:100px\" aria-hidden=\"true\" class=\"wp-block-spacer\"><\/div>\n\n\n\n<div data-block-name=\"woocommerce\/single-product\" data-product-id=\"2146\" class=\"wp-block-woocommerce-single-product woocommerce\">\n<div class=\"wp-block-columns is-layout-flex wp-container-core-columns-is-layout-9d6595d7 wp-block-columns-is-layout-flex\">\n<div class=\"wp-block-column is-layout-flow wp-block-column-is-layout-flow\"><div data-block-name=\"woocommerce\/product-image\" data-is-descendent-of-single-product-block=\"true\" data-show-sale-badge=\"false\" class=\"wc-block-components-product-image wc-block-grid__product-image wp-block-woocommerce-product-image\"><a href=\"https:\/\/www.arthurbougouin.com\/?product=lartiste-anonyme\" style=\"\" data-wp-on--click=\"woocommerce\/product-collection::actions.viewProduct\"><img loading=\"lazy\" decoding=\"async\" width=\"600\" height=\"600\" src=\"https:\/\/www.arthurbougouin.com\/wp-content\/uploads\/2025\/09\/profil-600x600.jpg\" class=\"attachment-woocommerce_single size-woocommerce_single\" alt=\"La belle\" data-testid=\"product-image\" data-image-id=\"2145\" style=\"max-width:none;object-fit:cover;\" title=\"profil\" srcset=\"https:\/\/www.arthurbougouin.com\/wp-content\/uploads\/2025\/09\/profil-600x600.jpg 600w, https:\/\/www.arthurbougouin.com\/wp-content\/uploads\/2025\/09\/profil-300x300.jpg 300w, https:\/\/www.arthurbougouin.com\/wp-content\/uploads\/2025\/09\/profil-1024x1024.jpg 1024w, https:\/\/www.arthurbougouin.com\/wp-content\/uploads\/2025\/09\/profil-150x150.jpg 150w, https:\/\/www.arthurbougouin.com\/wp-content\/uploads\/2025\/09\/profil-768x768.jpg 768w, https:\/\/www.arthurbougouin.com\/wp-content\/uploads\/2025\/09\/profil-1536x1536.jpg 1536w, https:\/\/www.arthurbougouin.com\/wp-content\/uploads\/2025\/09\/profil-2048x2048.jpg 2048w, https:\/\/www.arthurbougouin.com\/wp-content\/uploads\/2025\/09\/profil-100x100.jpg 100w, https:\/\/www.arthurbougouin.com\/wp-content\/uploads\/2025\/09\/profil-855x855.jpg 855w, https:\/\/www.arthurbougouin.com\/wp-content\/uploads\/2025\/09\/profil-280x280.jpg 280w, https:\/\/www.arthurbougouin.com\/wp-content\/uploads\/2025\/09\/profil-450x450.jpg 450w, https:\/\/www.arthurbougouin.com\/wp-content\/uploads\/2025\/09\/profil-1050x1050.jpg 1050w, https:\/\/www.arthurbougouin.com\/wp-content\/uploads\/2025\/09\/profil-630x630.jpg 630w\" sizes=\"(max-width: 600px) 100vw, 600px\" \/><div class=\"wc-block-components-product-image__inner-container\">\n\n<\/div><\/a><\/div><\/div>\n\n\n\n<div class=\"wp-block-column is-layout-flow wp-block-column-is-layout-flow\"><h2 class=\"wp-block-post-title\"><a href=\"https:\/\/www.arthurbougouin.com\/?product=lartiste-anonyme\" target=\"_self\" >La belle<\/a><\/h2>\n\n<div data-block-name=\"woocommerce\/product-price\" data-is-descendent-of-single-product-block=\"true\" class=\"wp-block-woocommerce-product-price\"><div class=\"wc-block-components-product-price wc-block-grid__product-price  \" style=\"\" >\n\t\t\t\t\t<span class=\"woocommerce-Price-amount amount\"><bdi>200,00&nbsp;<span class=\"woocommerce-Price-currencySymbol\">&euro;<\/span><\/bdi><\/span>\n\t\t\t\t<\/div><\/div>\n\n<div data-block-name=\"woocommerce\/add-to-cart-form\" class=\"wp-block-add-to-cart-form wc-block-add-to-cart-form wc-block-add-to-cart-form--input wp-block-woocommerce-add-to-cart-form\" >\n\t\n\t<form class=\"cart\" action=\"https:\/\/www.arthurbougouin.com\/?product=lartiste-anonyme\" method=\"post\" enctype='multipart\/form-data'>\n\t\t\n\t\t<div class=\"quantity\">\n\t\t<label class=\"screen-reader-text\" for=\"quantity_69e15f9908fd4\">quantit\u00e9 de La belle<\/label>\n\t<input\n\t\ttype=\"number\"\n\t\t\t\tid=\"quantity_69e15f9908fd4\"\n\t\tclass=\"input-text qty text\"\n\t\tname=\"quantity\"\n\t\tvalue=\"1\"\n\t\taria-label=\"Quantit\u00e9 de produits\"\n\t\t\t\tmin=\"1\"\n\t\tmax=\"\"\n\t\t\t\t\tstep=\"1\"\n\t\t\tplaceholder=\"\"\n\t\t\tinputmode=\"numeric\"\n\t\t\tautocomplete=\"off\"\n\t\t\t\/>\n\t<\/div>\n\n\t\t<button type=\"submit\" name=\"add-to-cart\" value=\"2146\" class=\"single_add_to_cart_button button alt\">Ajouter au panier<\/button>\n\n\t\t\t<\/form>\n\n\t\n<\/div><\/div>\n<\/div>\n<\/div>\n\n\n\n<div style=\"height:100px\" aria-hidden=\"true\" class=\"wp-block-spacer\"><\/div>\n\n\n\n<div data-block-name=\"woocommerce\/single-product\" data-product-id=\"2169\" class=\"wp-block-woocommerce-single-product woocommerce\">\n<div class=\"wp-block-columns is-layout-flex wp-container-core-columns-is-layout-9d6595d7 wp-block-columns-is-layout-flex\">\n<div class=\"wp-block-column is-layout-flow wp-block-column-is-layout-flow\"><div data-block-name=\"woocommerce\/product-image\" data-is-descendent-of-single-product-block=\"true\" data-show-sale-badge=\"false\" class=\"wc-block-components-product-image wc-block-grid__product-image wp-block-woocommerce-product-image\"><a href=\"https:\/\/www.arthurbougouin.com\/?product=red-bird\" style=\"\" data-wp-on--click=\"woocommerce\/product-collection::actions.viewProduct\"><img loading=\"lazy\" decoding=\"async\" width=\"600\" height=\"450\" src=\"https:\/\/www.arthurbougouin.com\/wp-content\/uploads\/2025\/09\/bird-1-scaled.jpg\" class=\"attachment-woocommerce_single size-woocommerce_single\" alt=\"Red Bird\" data-testid=\"product-image\" data-image-id=\"2171\" style=\"max-width:none;object-fit:cover;\" title=\"bird\" srcset=\"https:\/\/www.arthurbougouin.com\/wp-content\/uploads\/2025\/09\/bird-1-scaled.jpg 2560w, https:\/\/www.arthurbougouin.com\/wp-content\/uploads\/2025\/09\/bird-1-300x225.jpg 300w\" sizes=\"(max-width: 600px) 100vw, 600px\" \/><div class=\"wc-block-components-product-image__inner-container\">\n\n<\/div><\/a><\/div><\/div>\n\n\n\n<div class=\"wp-block-column is-layout-flow wp-block-column-is-layout-flow\"><h2 class=\"wp-block-post-title\"><a href=\"https:\/\/www.arthurbougouin.com\/?product=red-bird\" target=\"_self\" >Red Bird<\/a><\/h2>\n\n<div data-block-name=\"woocommerce\/product-price\" data-is-descendent-of-single-product-block=\"true\" class=\"wp-block-woocommerce-product-price\"><div class=\"wc-block-components-product-price wc-block-grid__product-price  \" style=\"\" >\n\t\t\t\t\t<span class=\"woocommerce-Price-amount amount\"><bdi>150,00&nbsp;<span class=\"woocommerce-Price-currencySymbol\">&euro;<\/span><\/bdi><\/span>\n\t\t\t\t<\/div><\/div>\n\n<div data-block-name=\"woocommerce\/add-to-cart-form\" class=\"wp-block-add-to-cart-form wc-block-add-to-cart-form wc-block-add-to-cart-form--input wp-block-woocommerce-add-to-cart-form\" >\n\t\n\t<form class=\"cart\" action=\"https:\/\/www.arthurbougouin.com\/?product=red-bird\" method=\"post\" enctype='multipart\/form-data'>\n\t\t\n\t\t<div class=\"quantity\">\n\t\t<label class=\"screen-reader-text\" for=\"quantity_69e15f990b145\">quantit\u00e9 de Red Bird<\/label>\n\t<input\n\t\ttype=\"number\"\n\t\t\t\tid=\"quantity_69e15f990b145\"\n\t\tclass=\"input-text qty text\"\n\t\tname=\"quantity\"\n\t\tvalue=\"1\"\n\t\taria-label=\"Quantit\u00e9 de produits\"\n\t\t\t\tmin=\"1\"\n\t\tmax=\"\"\n\t\t\t\t\tstep=\"1\"\n\t\t\tplaceholder=\"\"\n\t\t\tinputmode=\"numeric\"\n\t\t\tautocomplete=\"off\"\n\t\t\t\/>\n\t<\/div>\n\n\t\t<button type=\"submit\" name=\"add-to-cart\" value=\"2169\" class=\"single_add_to_cart_button button alt\">Ajouter au panier<\/button>\n\n\t\t\t<\/form>\n\n\t\n<\/div><\/div>\n<\/div>\n<\/div>\n","protected":false},"excerpt":{"rendered":"","protected":false},"author":1,"featured_media":0,"parent":0,"menu_order":0,"comment_status":"closed","ping_status":"closed","template":"","meta":{"footnotes":""},"class_list":["post-1625","page","type-page","status-publish","hentry"],"_links":{"self":[{"href":"https:\/\/www.arthurbougouin.com\/index.php?rest_route=\/wp\/v2\/pages\/1625","targetHints":{"allow":["GET"]}}],"collection":[{"href":"https:\/\/www.arthurbougouin.com\/index.php?rest_route=\/wp\/v2\/pages"}],"about":[{"href":"https:\/\/www.arthurbougouin.com\/index.php?rest_route=\/wp\/v2\/types\/page"}],"author":[{"embeddable":true,"href":"https:\/\/www.arthurbougouin.com\/index.php?rest_route=\/wp\/v2\/users\/1"}],"replies":[{"embeddable":true,"href":"https:\/\/www.arthurbougouin.com\/index.php?rest_route=%2Fwp%2Fv2%2Fcomments&post=1625"}],"version-history":[{"count":15,"href":"https:\/\/www.arthurbougouin.com\/index.php?rest_route=\/wp\/v2\/pages\/1625\/revisions"}],"predecessor-version":[{"id":2174,"href":"https:\/\/www.arthurbougouin.com\/index.php?rest_route=\/wp\/v2\/pages\/1625\/revisions\/2174"}],"wp:attachment":[{"href":"https:\/\/www.arthurbougouin.com\/index.php?rest_route=%2Fwp%2Fv2%2Fmedia&parent=1625"}],"curies":[{"name":"wp","href":"https:\/\/api.w.org\/{rel}","templated":true}]}}